{"id":1014,"date":"2026-01-26T08:51:58","date_gmt":"2026-01-26T07:51:58","guid":{"rendered":"https:\/\/apartament-nadmorzem.pl\/?page_id=1014"},"modified":"2026-04-07T11:17:56","modified_gmt":"2026-04-07T09:17:56","slug":"kontakt","status":"publish","type":"page","link":"https:\/\/apartament-nadmorzem.pl\/en\/kontakt\/","title":{"rendered":"Contact"},"content":{"rendered":"<div class=\"bde-code-block-1435-104-1435-1 bde-code-block bde-code-block-1435-104\">\n\n\n\n<\/div><section class=\"bde-section-1435-100-1435-1 bde-section of-hidden relative top-subpage-section bde-section-1435-100\">\n              \n  \n  \n\t\n\n  <div class=\"section-background-overlay\"><\/div>\n\n\n<div class=\"section-container\"><img decoding=\"async\" class=\"oxy-image-1435-103-1435-1 oxy-image cover-image top-subpage-image oxy-image-1435-103\" src=\"https:\/\/apartament-nadmorzem.pl\/wp-content\/uploads\/2026\/02\/04_MM-KLBG-Aqua-Polanki-D009_fot-STOLZ.jpg\" loading=\"lazy\" srcset=\"https:\/\/apartament-nadmorzem.pl\/wp-content\/uploads\/2026\/02\/04_MM-KLBG-Aqua-Polanki-D009_fot-STOLZ.jpg 1920w, https:\/\/apartament-nadmorzem.pl\/wp-content\/uploads\/2026\/02\/04_MM-KLBG-Aqua-Polanki-D009_fot-STOLZ-300x200.jpg 300w, https:\/\/apartament-nadmorzem.pl\/wp-content\/uploads\/2026\/02\/04_MM-KLBG-Aqua-Polanki-D009_fot-STOLZ-1024x683.jpg 1024w, https:\/\/apartament-nadmorzem.pl\/wp-content\/uploads\/2026\/02\/04_MM-KLBG-Aqua-Polanki-D009_fot-STOLZ-768x512.jpg 768w, https:\/\/apartament-nadmorzem.pl\/wp-content\/uploads\/2026\/02\/04_MM-KLBG-Aqua-Polanki-D009_fot-STOLZ-1536x1025.jpg 1536w\" sizes=\"(max-width: 1920px) 100vw, 1920px\" data-parallax=\"true\"><h1 class=\"oxy-text-1435-101-1435-1 oxy-text title1 white z-index1 title-subpage oxy-text-1435-101\">\nKontakt\n<\/h1><div class=\"scroll-down__wrapper-1435-102-1435-1 scroll-down__wrapper scroll-down-1 scroll-down__wrapper-1435-102\">\n\n<div class=\"scroll-down\"\n     data-target=\"#first\"\n     data-offset=\"0\"\n     data-smooth=\"false\"\n     data-duration=\"600\">\n\n    <button type=\"button\" class=\"scroll-down__button\">\n                    <span class=\"scroll-down__icon\">\n                <svg xmlns=\"http:\/\/www.w3.org\/2000\/svg\" id=\"icon-chevron-down\" viewBox=\"0 0 32 32\">\r\n<title>chevron-down<\/title>\r\n<path d=\"M7.742 11.042c-0.523 0.127-0.843 0.691-0.7 1.235 0.056 0.211 0.46 0.632 4.205 4.385 2.279 2.283 4.205 4.184 4.279 4.223 0.14 0.073 0.306 0.116 0.481 0.116 0.096 0 0.189-0.013 0.277-0.037l-0.007 0.002c0.213-0.056 0.616-0.441 4.387-4.205 2.283-2.279 4.184-4.205 4.223-4.279 0.072-0.137 0.114-0.298 0.114-0.47 0-0.384-0.21-0.718-0.522-0.895l-0.005-0.003c-0.179-0.092-0.566-0.119-0.812-0.055-0.115 0.031-1.226 1.107-3.908 3.786l-3.748 3.745-3.721-3.716c-2.047-2.043-3.769-3.738-3.828-3.768-0.141-0.056-0.303-0.089-0.474-0.089-0.085 0-0.168 0.008-0.248 0.023l0.008-0.001z\"\/>\r\n<\/svg>\n            <\/span>\n        \n                    <span class=\"scroll-down__label\">\n                Zjed\u017a w D\u00f3\u0142\n            <\/span>\n            <\/button>\n<\/div>\n\n<\/div><\/div>\n<\/section><section id=\"first\" class=\"bde-section-1014-103 bde-section\">\n  \n  \n\t\n\n\n\n<div class=\"section-container\"><div class=\"oxy-container-1014-104 oxy-container w100 contact-container__wrapper\"><div class=\"oxy-container-1014-105 oxy-container w50-md-w100\"><div class=\"oxy-container-1014-108 oxy-container gap15 container-18\"><div class=\"oxy-container-1014-109 oxy-container container-8\"><h2 class=\"oxy-text-1014-111 oxy-text title2\">\nSkontaktuj si\u0119\n<\/h2><\/div><div class=\"oxy-container-1014-139 oxy-container gap15 container-20\"><div class=\"oxy-container-1014-116 oxy-container footer-link__wrapper\"><div class=\"oxy-container-1014-117 oxy-container img-borders\"><div class=\"oxy-svg-icon-1014-118 oxy-svg-icon contact-link__img\">\n<svg xmlns=\"http:\/\/www.w3.org\/2000\/svg\" id=\"icon-map-pin\" viewBox=\"0 0 32 32\">\r\n<title>map-pin<\/title>\r\n<path d=\"M15.124 3.042c-1.574 0.114-3.027 0.534-4.331 1.202l0.064-0.030c-3.744 1.841-6.159 5.428-6.491 9.643-0.219 2.769 0.666 5.68 2.418 7.97 0.412 0.538 6.382 6.574 6.961 7.038 0.619 0.484 1.403 0.781 2.257 0.796l0.003 0c0.759 0 1.626-0.299 2.229-0.767 0.528-0.411 6.575-6.522 6.993-7.067 1.753-2.29 2.637-5.201 2.418-7.97-0.332-4.213-2.747-7.801-6.491-9.643-1.505-0.76-3.28-1.205-5.159-1.205-0.306 0-0.609 0.012-0.909 0.035l0.040-0.002zM17.205 5.096c3.249 0.425 5.9 2.281 7.397 5.174 1.511 2.922 1.39 6.525-0.317 9.389-0.539 0.904-0.911 1.314-4.112 4.516-2.167 2.17-3.257 3.222-3.421 3.308-0.203 0.105-0.32 0.125-0.747 0.125-0.428 0-0.544-0.020-0.747-0.125-0.163-0.085-1.256-1.142-3.421-3.308-3.666-3.668-3.874-3.912-4.576-5.406-0.571-1.203-0.904-2.615-0.904-4.104 0-1.839 0.508-3.558 1.392-5.027l-0.025 0.044c0.768-1.282 2.023-2.535 3.293-3.292 1.425-0.861 3.145-1.37 4.984-1.37 0.424 0 0.842 0.027 1.253 0.080l-0.049-0.005zM15.464 9.712c-0.614 0.067-1.031 0.189-1.62 0.476-1.414 0.686-2.321 1.814-2.707 3.362-0.075 0.337-0.118 0.723-0.118 1.12s0.043 0.784 0.125 1.156l-0.007-0.036c0.244 0.978 0.658 1.717 1.344 2.403 0.974 0.974 2.142 1.456 3.524 1.456s2.55-0.483 3.524-1.456c0.974-0.974 1.456-2.142 1.456-3.524 0-2.119-1.235-3.9-3.256-4.688-0.588-0.231-1.562-0.347-2.265-0.271zM16.746 11.766c0.504 0.119 0.943 0.375 1.366 0.798 0.605 0.605 0.879 1.26 0.879 2.107s-0.273 1.502-0.879 2.107c-0.608 0.608-1.259 0.88-2.107 0.88s-1.499-0.272-2.107-0.88c-0.605-0.605-0.879-1.26-0.879-2.107s0.273-1.502 0.879-2.107c0.413-0.413 0.862-0.679 1.34-0.796 0.228-0.048 0.489-0.076 0.758-0.076 0.266 0 0.525 0.027 0.776 0.079l-0.025-0.004z\"\/>\r\n<\/svg>\n<\/div><\/div><a class=\"oxy-text-link-1014-119 oxy-text-link contact-link\" target=\"_blank\">\nul. Towarowa 15 <br> 78-100 Ko\u0142obrzeg\n<\/a><\/div><div class=\"oxy-container-1014-120 oxy-container footer-link__wrapper\"><div class=\"oxy-container-1014-121 oxy-container img-borders\"><div class=\"oxy-svg-icon-1014-122 oxy-svg-icon contact-link__img\">\n<svg xmlns=\"http:\/\/www.w3.org\/2000\/svg\" id=\"icon-phone\" viewBox=\"0 0 32 32\">\r\n<title>phone<\/title>\r\n<path d=\"M6.158 4.379c-0.78 0.093-1.464 0.437-2.070 1.042-0.416 0.402-0.734 0.902-0.917 1.463l-0.007 0.025c-0.123 0.372-0.14 0.511-0.139 1.094 0.005 1.33 0.329 3.244 0.848 5.008 2.435 8.086 9.113 14.154 17.383 15.67l0.137 0.021c1.016 0.181 1.938 0.28 2.614 0.283 0.581 0.001 0.722-0.016 1.094-0.139 0.587-0.195 1.042-0.476 1.488-0.923 0.444-0.444 0.726-0.895 0.927-1.488l0.145-0.427v-3.148c0-3.080-0.003-3.152-0.109-3.334-0.086-0.129-0.193-0.237-0.316-0.323l-0.004-0.003c-0.116-0.076-1.735-0.747-3.598-1.491-2.994-1.196-3.421-1.352-3.672-1.35-0.5 0.007-0.612 0.127-1.507 1.618-0.432 0.718-0.806 1.311-0.832 1.32-0.071 0.024-1.094-0.66-1.644-1.098-1.137-0.938-2.113-2.014-2.919-3.214l-0.034-0.053c-0.102-0.149-0.211-0.326-0.311-0.509l-0.017-0.034c0-0.019 0.569-0.375 1.267-0.792 0.696-0.417 1.343-0.835 1.435-0.927 0.165-0.17 0.266-0.401 0.266-0.657 0-0.070-0.008-0.138-0.022-0.203l0.001 0.006c-0.077-0.325-2.727-6.91-2.85-7.081-0.091-0.109-0.2-0.199-0.322-0.266l-0.006-0.003c-0.221-0.119-0.235-0.119-3.077-0.127-1.57-0.004-3.025 0.013-3.232 0.039zM12.364 8.924c0.564 1.415 1.027 2.598 1.027 2.627s-0.58 0.4-1.288 0.824c-1.492 0.895-1.508 0.906-1.647 1.178-0.191 0.375-0.148 0.627 0.232 1.355 1.38 2.645 3.769 5.033 6.414 6.414 0.728 0.38 0.98 0.423 1.355 0.232 0.272-0.139 0.283-0.155 1.178-1.647 0.424-0.708 0.795-1.288 0.824-1.288s1.212 0.463 2.629 1.027l2.575 1.027-0.015 2.561c-0.013 2.561-0.013 2.561-0.137 2.813-0.2 0.379-0.515 0.674-0.899 0.842l-0.012 0.005c-0.264 0.1-0.368 0.109-0.886 0.081-0.9-0.059-1.731-0.177-2.541-0.351l0.114 0.020c-4.805-0.992-8.891-3.567-11.787-7.145l-0.030-0.038c-0.877-1.068-1.659-2.272-2.3-3.558l-0.050-0.111c-0.96-1.853-1.653-4.009-1.959-6.287l-0.011-0.102c-0.136-1.034-0.156-1.663-0.060-1.926 0.168-0.463 0.58-0.882 1.027-1.046 0.165-0.060 0.696-0.076 2.713-0.079l2.507-0.003 1.027 2.574z\"\/>\r\n<\/svg>\n<\/div><\/div><a class=\"oxy-text-link-1014-123 oxy-text-link contact-link\" href=\"tel:+48 516 411 077\" target=\"_blank\">\n+48 516 411 077\n<\/a><\/div><div class=\"oxy-container-1014-128 oxy-container footer-link__wrapper\"><div class=\"oxy-container-1014-129 oxy-container img-borders\"><div class=\"oxy-svg-icon-1014-130 oxy-svg-icon contact-link__img\">\n<svg xmlns=\"http:\/\/www.w3.org\/2000\/svg\" id=\"icon-mail\" viewBox=\"0 0 32 32\">\r\n<title>mail<\/title>\r\n<path d=\"M6.158 5.712c-0.778 0.091-1.464 0.436-2.070 1.042-0.415 0.403-0.734 0.903-0.921 1.463l-0.007 0.026-0.145 0.427v14.671l0.145 0.427c0.201 0.593 0.483 1.044 0.927 1.488s0.895 0.726 1.488 0.927l0.427 0.145h20.006l0.427-0.145c0.586-0.194 1.085-0.512 1.488-0.926l0.001-0.001c0.444-0.444 0.726-0.895 0.927-1.488l0.145-0.427v-14.671l-0.145-0.427c-0.195-0.586-0.514-1.085-0.927-1.488l-0.001-0.001c-0.63-0.628-1.282-0.946-2.142-1.044-0.568-0.065-19.063-0.063-19.622 0.003zM25.873 7.762c0.423 0.149 0.864 0.564 1.012 0.951 0.053 0.144 0.053 0.144-5.387 3.77-2.992 1.995-5.464 3.628-5.494 3.628s-2.502-1.632-5.494-3.628c-5.44-3.626-5.44-3.626-5.387-3.77 0.144-0.377 0.585-0.799 0.992-0.948 0.319-0.117 19.427-0.12 19.756-0.003zM10.336 14.768c3.844 2.562 5.323 3.521 5.468 3.545 0.111 0.017 0.289 0.017 0.4 0 0.145-0.024 1.624-0.983 5.468-3.545-0.622 0.331 1.104-0.827 2.836-1.976l2.46-1.535c0.015 0 0.020 2.671 0.013 5.935l-0.015 5.935-0.124 0.252c-0.176 0.357-0.555 0.712-0.899 0.84-0.285 0.107-0.392 0.108-9.94 0.108s-9.655-0.001-9.94-0.108c-0.344-0.128-0.723-0.483-0.899-0.84l-0.124-0.252-0.015-5.935c-0.007-3.264-0.001-5.935 0.013-5.935 0.016 0 2.398 1.58 5.296 3.512z\"\/>\r\n<\/svg>\n<\/div><\/div><a class=\"oxy-text-link-1014-131 oxy-text-link contact-link\" href=\"mailto:rezerwacje@apartament-nadmorzem.pl\" target=\"_blank\">\nrezerwacje@apartament-nadmorze.pl\n<\/a><\/div><\/div><div class=\"bde-social-icons-1014-138 bde-social-icons m-t-2\">\n                  \n            \n            \n\n    \n    \n    \n    \n    \n    <a class=\"breakdance-link bde-social-icons__icon-wrapper bde-social-icons__icon-facebook\" href=\"https:\/\/www.facebook.com\/people\/Apartments-MM\/100054942016707\/#\" target=\"_blank\" data-type=\"url\" aria-label=\"facebook\" rel=\"noopener\">\n\n             <svg xmlns=\"http:\/\/www.w3.org\/2000\/svg\" width=\"100%\" viewBox=\"0 0 24 24\">\n            <path d=\"M9 8h-3v4h3v12h5v-12h3.642l.358-4h-4v-1.667c0-.955.192-1.333 1.115-1.333h2.885v-5h-3.808c-3.596 0-5.192 1.583-5.192 4.615v3.385z\"\/>\n       <\/svg>\n              <\/a>\n\n                    \n            \n            \n\n    \n    \n    \n    \n    \n    <a class=\"breakdance-link bde-social-icons__icon-wrapper bde-social-icons__icon-instagram\" href=\"https:\/\/www.instagram.com\/apartments_mm_kolobrzeg\/\" target=\"_blank\" data-type=\"url\" aria-label=\"instagram\" rel=\"noopener\">\n\n             <svg xmlns=\"http:\/\/www.w3.org\/2000\/svg\" width=\"100%\" viewBox=\"0 0 24 24\">\n            <path d=\"M12 2.163c3.204 0 3.584.012 4.85.07 3.252.148 4.771 1.691 4.919 4.919.058 1.265.069 1.645.069 4.849 0 3.205-.012 3.584-.069 4.849-.149 3.225-1.664 4.771-4.919 4.919-1.266.058-1.644.07-4.85.07-3.204 0-3.584-.012-4.849-.07-3.26-.149-4.771-1.699-4.919-4.92-.058-1.265-.07-1.644-.07-4.849 0-3.204.013-3.583.07-4.849.149-3.227 1.664-4.771 4.919-4.919 1.266-.057 1.645-.069 4.849-.069zm0-2.163c-3.259 0-3.667.014-4.947.072-4.358.2-6.78 2.618-6.98 6.98-.059 1.281-.073 1.689-.073 4.948 0 3.259.014 3.668.072 4.948.2 4.358 2.618 6.78 6.98 6.98 1.281.058 1.689.072 4.948.072 3.259 0 3.668-.014 4.948-.072 4.354-.2 6.782-2.618 6.979-6.98.059-1.28.073-1.689.073-4.948 0-3.259-.014-3.667-.072-4.947-.196-4.354-2.617-6.78-6.979-6.98-1.281-.059-1.69-.073-4.949-.073zm0 5.838c-3.403 0-6.162 2.759-6.162 6.162s2.759 6.163 6.162 6.163 6.162-2.759 6.162-6.163c0-3.403-2.759-6.162-6.162-6.162zm0 10.162c-2.209 0-4-1.79-4-4 0-2.209 1.791-4 4-4s4 1.791 4 4c0 2.21-1.791 4-4 4zm6.406-11.845c-.796 0-1.441.645-1.441 1.44s.645 1.44 1.441 1.44c.795 0 1.439-.645 1.439-1.44s-.644-1.44-1.439-1.44z\"\/>\n       <\/svg>\n              <\/a>\n\n    \n<\/div><\/div><\/div><div class=\"oxy-container-1014-106 oxy-container w50-md-w100 form_wrapper\"><div class=\"oxy-container-1014-136 oxy-container container-19\"><h2 class=\"oxy-text-1014-137 oxy-text title2\">\nFormularz kontaktowy\n<\/h2><\/div><div class=\"bde-form-builder-1014-107 bde-form-builder\">\n\n<form id=\"contact-form107\" class=\"breakdance-form breakdance-form--vertical\" data-options=\"{&quot;slug&quot;:&quot;custom&quot;,&quot;name&quot;:&quot;Contact Form&quot;,&quot;ajaxUrl&quot;:&quot;https:\\\/\\\/apartament-nadmorzem.pl\\\/wp-admin\\\/admin-ajax.php&quot;,&quot;clearOnSuccess&quot;:true,&quot;hideOnSuccess&quot;:false,&quot;successMessage&quot;:&quot;Twoja wiadomo\\u015b\\u0107 zosta\\u0142a wys\\u0142ana! Skontaktujemy si\\u0119 z Tob\\u0105 najszybciej jak b\\u0119dzie to mo\\u017cliwe.&quot;,&quot;errorMessage&quot;:&quot;Co\\u015b posz\\u0142o nie tak!&quot;,&quot;redirect&quot;:false,&quot;redirectUrl&quot;:&quot;&quot;,&quot;customJavaScript&quot;:&quot;&quot;,&quot;recaptcha&quot;:{&quot;key&quot;:&quot;&quot;,&quot;enabled&quot;:false},&quot;honeypot_enabled&quot;:true,&quot;popupsOnSuccess&quot;:[],&quot;popupsOnError&quot;:[]}\" data-steps=\"0\" >\n  \n  \n  \n<div class=\"breakdance-form-field breakdance-form-field--text\" >\n    \n    \n            <label class=\"breakdance-form-field__label\" for=\"name\">\n            Imi\u0119<span class=\"breakdance-form-field__required\">*<\/span>\n        <\/label>\n    \n    <input\n    class=\"breakdance-form-field__input\"\n    id=\"name\"\n    aria-describedby=\"name\"\n    type=\"text\"\n    name=\"fields[name]\"\n    placeholder=\"Jan\"\n    value=\"\"\n                \n        \n        \n    required\n    \n    \n    \n>\n\n\n    \n    \n<\/div>\n\n\n<div class=\"breakdance-form-field breakdance-form-field--text\" >\n    \n    \n            <label class=\"breakdance-form-field__label\" for=\"skeacx\">\n            Nazwisko<span class=\"breakdance-form-field__required\">*<\/span>\n        <\/label>\n    \n    <input\n    class=\"breakdance-form-field__input\"\n    id=\"skeacx\"\n    aria-describedby=\"skeacx\"\n    type=\"text\"\n    name=\"fields[skeacx]\"\n    placeholder=\"Nowak\"\n    value=\"\"\n                \n        \n        \n    required\n    \n    \n    \n>\n\n\n    \n    \n<\/div>\n\n\n<div class=\"breakdance-form-field breakdance-form-field--tel\" >\n    \n    \n            <label class=\"breakdance-form-field__label\" for=\"phone\">\n            Numer telefonu<span class=\"breakdance-form-field__required\">*<\/span>\n        <\/label>\n    \n    <input\n    class=\"breakdance-form-field__input\"\n    id=\"phone\"\n    aria-describedby=\"phone\"\n    type=\"tel\"\n    name=\"fields[phone]\"\n    placeholder=\"+48 123 456 789\"\n    value=\"\"\n                \n        \n        \n    required\n    \n    \n    \n>\n\n\n    \n    \n<\/div>\n\n\n<div class=\"breakdance-form-field breakdance-form-field--email\" >\n    \n    \n            <label class=\"breakdance-form-field__label\" for=\"email\">\n            Adres email<span class=\"breakdance-form-field__required\">*<\/span>\n        <\/label>\n    \n    <input\n    class=\"breakdance-form-field__input\"\n    id=\"email\"\n    aria-describedby=\"email\"\n    type=\"email\"\n    name=\"fields[email]\"\n    placeholder=\"jan.nowak@gmail.com\"\n    value=\"\"\n                \n        \n        \n    required\n    \n    \n    \n>\n\n\n    \n    \n<\/div>\n\n\n<div class=\"breakdance-form-field breakdance-form-field--textarea\" >\n    \n    \n            <label class=\"breakdance-form-field__label\" for=\"message\">\n            Wiadomo\u015b\u0107<span class=\"breakdance-form-field__required\">*<\/span>\n        <\/label>\n    \n    <textarea\n    class=\"breakdance-form-field__input\"\n    id=\"message\"\n    aria-describedby=\"message\"\n    type=\"textarea\"\n    name=\"fields[message]\"\n        placeholder=\"Twoja wiadomo\u015b\u0107...\"\n    required\n    >\n<\/textarea>\n\n\n    \n    \n<\/div>\n\n\n<div class=\"breakdance-form-field breakdance-form-field--hpinput\" >\n    \n    \n            <label class=\"breakdance-form-field__label\" for=\"hpname\">\n            HP Name\n        <\/label>\n    \n    <input\n    class=\"breakdance-form-field__input\"\n    id=\"hpname\"\n    aria-describedby=\"hpname\"\n    type=\"hpinput\"\n    name=\"fields[hpname]\"\n    placeholder=\"\"\n    value=\"\"\n                \n        \n        \n    \n    autocomplete=\"off\"\n    tabindex=\"-1\"\n    \n>\n\n\n    \n    \n<\/div>\n\n\n  \n\n<div class=\"breakdance-form-field breakdance-form-footer\">\n    \n    \n                                    \n    \n    \n    \n    \n            \n            <button type=\"submit\" class=\"button-atom button-atom--primary breakdance-form-button breakdance-form-button__submit\"  >\n    \n        <span class=\"button-atom__text\">Wy\u015blij<\/span>\n\n        \n        \n            <\/button>\n    \n    <input type=\"hidden\" name=\"form_id\" value=\"107\">\n    <input type=\"hidden\" name=\"post_id\" value=\"1014\">\n<\/div>\n\n  \n<\/form>\n\n\n<\/div><\/div><\/div><\/div>\n<\/section>","protected":false},"excerpt":{"rendered":"<p>Kontakt chevron-down Zjed\u017a w D\u00f3\u0142 Skontaktuj si\u0119 map-pin ul. Towarowa 15 78-100 Ko\u0142obrzeg phone +48 516 411 077 mail rezerwacje@apartament-nadmorze.pl Formularz kontaktowy Imi\u0119* Nazwisko* Numer telefonu* Adres email* Wiadomo\u015b\u0107* HP Name Wy\u015blij<\/p>","protected":false},"author":1,"featured_media":0,"parent":0,"menu_order":0,"comment_status":"closed","ping_status":"closed","template":"","meta":{"_acf_changed":false,"_oxygen_hide_in_design_set":false,"_oxygen_tags":"","footnotes":""},"class_list":["post-1014","page","type-page","status-publish","hentry"],"acf":[],"_links":{"self":[{"href":"https:\/\/apartament-nadmorzem.pl\/en\/wp-json\/wp\/v2\/pages\/1014","targetHints":{"allow":["GET"]}}],"collection":[{"href":"https:\/\/apartament-nadmorzem.pl\/en\/wp-json\/wp\/v2\/pages"}],"about":[{"href":"https:\/\/apartament-nadmorzem.pl\/en\/wp-json\/wp\/v2\/types\/page"}],"author":[{"embeddable":true,"href":"https:\/\/apartament-nadmorzem.pl\/en\/wp-json\/wp\/v2\/users\/1"}],"replies":[{"embeddable":true,"href":"https:\/\/apartament-nadmorzem.pl\/en\/wp-json\/wp\/v2\/comments?post=1014"}],"version-history":[{"count":43,"href":"https:\/\/apartament-nadmorzem.pl\/en\/wp-json\/wp\/v2\/pages\/1014\/revisions"}],"predecessor-version":[{"id":3231,"href":"https:\/\/apartament-nadmorzem.pl\/en\/wp-json\/wp\/v2\/pages\/1014\/revisions\/3231"}],"wp:attachment":[{"href":"https:\/\/apartament-nadmorzem.pl\/en\/wp-json\/wp\/v2\/media?parent=1014"}],"curies":[{"name":"wp","href":"https:\/\/api.w.org\/{rel}","templated":true}]}}